{"id":6,"date":"2026-01-14T19:57:05","date_gmt":"2026-01-14T19:57:05","guid":{"rendered":"https:\/\/samanthavgalvan.com\/?page_id=6"},"modified":"2026-02-08T15:58:34","modified_gmt":"2026-02-08T15:58:34","slug":"samantha-v-galvan-phd","status":"publish","type":"page","link":"https:\/\/samanthavgalvan.com\/","title":{"rendered":"Samantha V. Galvan, PhD"},"content":{"rendered":"\n<p><strong>Welcome!<\/strong> I am an Assistant Professor of Marketing and Business Analytics at Our Lady of the Lake University. My academic foundation\u2014an MBA and a PhD in Business Administration from The University of Texas at San Antonio\u2014is backed by over eight years of industry experience in marketing and advertising.<\/p>\n\n\n\n<p>I am driven by a commitment to continual improvement, lifelong learning, and self-discipline\u2014balanced always with a healthy sense of humor.<\/p>\n\n\n\n<p>I invite you to explore my work through the links above. <\/p>\n\n\n\n<p>Thanks! <\/p>\n\n\n\n<p><em>Samantha<\/em><\/p>\n\n\n\n<p><strong>\u00a1Hola! Gracias por visitar mi sitio web.<\/strong><\/p>\n\n\n\n<p>Soy Profesora de Marketing y Business Analytics en Our Lady of the Lake University. Cuento con una trayectoria de m\u00e1s de ocho a\u00f1os en el sector de marketing y publicidad, lo cual complementa mi formaci\u00f3n acad\u00e9mica de Maestr\u00eda y Doctorado en Administraci\u00f3n de Empresas por la Universidad de Texas en San Antonio (UTSA).<\/p>\n\n\n\n<p>Me gu\u00edo por valores fundamentales como el progreso constante, el aprendizaje continuo, la autodisciplina y, por supuesto, un buen sentido del humor.<\/p>\n\n\n\n<p>Te invito a conocer m\u00e1s sobre mi trayectoria a trav\u00e9s de los enlaces superiores. <\/p>\n\n\n\n<p>Gracias,<\/p>\n\n\n\n<p><em>Samantha<\/em><\/p>\n","protected":false},"excerpt":{"rendered":"<p>Welcome! I am an Assistant Professor of Marketing and Business Analytics at Our Lady of the Lake University. My academic foundation\u2014an MBA and a PhD in Business Administration from The University of Texas at San Antonio\u2014is backed by over eight years of industry experience in marketing and advertising. I am driven by a commitment to [&hellip;]<\/p>\n","protected":false},"author":1,"featured_media":17,"parent":0,"menu_order":0,"comment_status":"closed","ping_status":"closed","template":"","meta":{"footnotes":""},"class_list":["post-6","page","type-page","status-publish","has-post-thumbnail","hentry"],"_links":{"self":[{"href":"https:\/\/samanthavgalvan.com\/index.php?rest_route=\/wp\/v2\/pages\/6","targetHints":{"allow":["GET"]}}],"collection":[{"href":"https:\/\/samanthavgalvan.com\/index.php?rest_route=\/wp\/v2\/pages"}],"about":[{"href":"https:\/\/samanthavgalvan.com\/index.php?rest_route=\/wp\/v2\/types\/page"}],"author":[{"embeddable":true,"href":"https:\/\/samanthavgalvan.com\/index.php?rest_route=\/wp\/v2\/users\/1"}],"replies":[{"embeddable":true,"href":"https:\/\/samanthavgalvan.com\/index.php?rest_route=%2Fwp%2Fv2%2Fcomments&post=6"}],"version-history":[{"count":5,"href":"https:\/\/samanthavgalvan.com\/index.php?rest_route=\/wp\/v2\/pages\/6\/revisions"}],"predecessor-version":[{"id":47,"href":"https:\/\/samanthavgalvan.com\/index.php?rest_route=\/wp\/v2\/pages\/6\/revisions\/47"}],"wp:featuredmedia":[{"embeddable":true,"href":"https:\/\/samanthavgalvan.com\/index.php?rest_route=\/wp\/v2\/media\/17"}],"wp:attachment":[{"href":"https:\/\/samanthavgalvan.com\/index.php?rest_route=%2Fwp%2Fv2%2Fmedia&parent=6"}],"curies":[{"name":"wp","href":"https:\/\/api.w.org\/{rel}","templated":true}]}}